{"id":3142,"date":"2024-09-06T07:36:50","date_gmt":"2024-09-06T07:36:50","guid":{"rendered":"https:\/\/vitanova-sterley.de\/?page_id=3142"},"modified":"2024-09-11T10:10:28","modified_gmt":"2024-09-11T10:10:28","slug":"3142-2","status":"publish","type":"page","link":"https:\/\/vitanova-sterley.de\/index.php\/3142-2\/","title":{"rendered":"Kontakformular"},"content":{"rendered":"<p>[et_pb_section fb_built=&#8220;1&#8243; _builder_version=&#8220;4.27.0&#8243; _module_preset=&#8220;default&#8220; background_color=&#8220;rgba(0,128,142,0.04)&#8220; background_image=&#8220;https:\/\/vitanova-sterley.de\/wp-content\/uploads\/2022\/04\/hg-logo-1.png&#8220; background_size=&#8220;contain&#8220; background_position=&#8220;top_left&#8220; background_horizontal_offset=&#8220;-74%&#8220; background_vertical_offset=&#8220;-100%&#8220; custom_padding=&#8220;||4px|||&#8220; global_colors_info=&#8220;{}&#8220;][et_pb_row column_structure=&#8220;2_3,1_3&#8243; _builder_version=&#8220;4.27.0&#8243; min_height=&#8220;633.7px&#8220; custom_margin=&#8220;0px|auto|60px|auto|false|false&#8220; custom_padding=&#8220;0px||0px||false|false&#8220; global_colors_info=&#8220;{}&#8220;][et_pb_column type=&#8220;2_3&#8243; _builder_version=&#8220;4.16&#8243; custom_padding=&#8220;|||&#8220; global_colors_info=&#8220;{}&#8220; custom_padding__hover=&#8220;|||&#8220;][et_pb_text _builder_version=&#8220;4.27.0&#8243; text_font=&#8220;||||||||&#8220; text_text_color=&#8220;#000000&#8243; text_line_height=&#8220;2em&#8220; header_font=&#8220;||||||||&#8220; header_2_font=&#8220;Georgia|700|||||||&#8220; header_2_text_align=&#8220;left&#8220; header_2_text_color=&#8220;#000000&#8243; header_2_font_size=&#8220;30px&#8220; header_2_line_height=&#8220;1.4em&#8220; text_orientation=&#8220;center&#8220; module_alignment=&#8220;left&#8220; custom_padding=&#8220;||0px|4px||&#8220; header_2_font_size_tablet=&#8220;35px&#8220; header_2_font_size_phone=&#8220;25px&#8220; header_2_font_size_last_edited=&#8220;on|desktop&#8220; global_colors_info=&#8220;{}&#8220;]<\/p>\n<h2>Kontakformular<\/h2>\n<p style=\"text-align: left;\">Melden Sie sich einfach \u00fcber das Kontakformular f\u00fcr einen Kurs an.\u00a0<\/p>\n<p>[\/et_pb_text][et_pb_contact_form email=&#8220;info@vitanova-sterley.de, rezeption@vitanova-sterley.de&#8220; success_message=&#8220;Vielen Dank f\u00fcr Ihre Nachricht! Ihre Anmeldung ist bei uns eingegangen. Sie erhalten in K\u00fcrze eine Best\u00e4tigung per Email.&#8220; submit_button_text=&#8220;Anmelden&#8220; _builder_version=&#8220;4.27.0&#8243; _module_preset=&#8220;86419b05-f230-4c70-a47a-a28fa7228af4&#8243; captcha_text_color=&#8220;#009CB9&#8243; hover_enabled=&#8220;0&#8243; global_colors_info=&#8220;{}&#8220; sticky_enabled=&#8220;0&#8243;][et_pb_contact_field field_id=&#8220;Name_2&#8243; field_title=&#8220;Name*&#8220; min_length=&#8220;3&#8243; max_length=&#8220;30&#8243; allowed_symbols=&#8220;letters&#8220; fullwidth_field=&#8220;on&#8220; _builder_version=&#8220;4.25.2&#8243; form_field_text_color=&#8220;rgba(0,0,0,0.5)&#8220; form_field_font=&#8220;Open Sans||||||||&#8220; background_color=&#8220;#009CB9&#8243; background_enable_color=&#8220;on&#8220; global_colors_info=&#8220;{}&#8220; button_text_size__hover_enabled=&#8220;off&#8220; button_one_text_size__hover_enabled=&#8220;off&#8220; button_two_text_size__hover_enabled=&#8220;off&#8220; button_text_color__hover_enabled=&#8220;off&#8220; button_one_text_color__hover_enabled=&#8220;off&#8220; button_two_text_color__hover_enabled=&#8220;off&#8220; button_border_width__hover_enabled=&#8220;off&#8220; button_one_border_width__hover_enabled=&#8220;off&#8220; button_two_border_width__hover_enabled=&#8220;off&#8220; button_border_color__hover_enabled=&#8220;off&#8220; button_one_border_color__hover_enabled=&#8220;off&#8220; button_two_border_color__hover_enabled=&#8220;off&#8220; button_border_radius__hover_enabled=&#8220;off&#8220; button_one_border_radius__hover_enabled=&#8220;off&#8220; button_two_border_radius__hover_enabled=&#8220;off&#8220; button_letter_spacing__hover_enabled=&#8220;off&#8220; button_one_letter_spacing__hover_enabled=&#8220;off&#8220; button_two_letter_spacing__hover_enabled=&#8220;off&#8220; button_bg_color__hover_enabled=&#8220;off&#8220; button_one_bg_color__hover_enabled=&#8220;off&#8220; button_two_bg_color__hover_enabled=&#8220;off&#8220;][\/et_pb_contact_field][et_pb_contact_field field_id=&#8220;Telefon&#8220; field_title=&#8220;Telefon*&#8220; min_length=&#8220;3&#8243; max_length=&#8220;30&#8243; fullwidth_field=&#8220;on&#8220; _builder_version=&#8220;4.25.2&#8243; form_field_text_color=&#8220;rgba(0,0,0,0.5)&#8220; form_field_font=&#8220;Open Sans||||||||&#8220; background_color=&#8220;#009CB9&#8243; background_enable_color=&#8220;on&#8220; global_colors_info=&#8220;{}&#8220; button_text_size__hover_enabled=&#8220;off&#8220; button_one_text_size__hover_enabled=&#8220;off&#8220; button_two_text_size__hover_enabled=&#8220;off&#8220; button_text_color__hover_enabled=&#8220;off&#8220; button_one_text_color__hover_enabled=&#8220;off&#8220; button_two_text_color__hover_enabled=&#8220;off&#8220; button_border_width__hover_enabled=&#8220;off&#8220; button_one_border_width__hover_enabled=&#8220;off&#8220; button_two_border_width__hover_enabled=&#8220;off&#8220; button_border_color__hover_enabled=&#8220;off&#8220; button_one_border_color__hover_enabled=&#8220;off&#8220; button_two_border_color__hover_enabled=&#8220;off&#8220; button_border_radius__hover_enabled=&#8220;off&#8220; button_one_border_radius__hover_enabled=&#8220;off&#8220; button_two_border_radius__hover_enabled=&#8220;off&#8220; button_letter_spacing__hover_enabled=&#8220;off&#8220; button_one_letter_spacing__hover_enabled=&#8220;off&#8220; button_two_letter_spacing__hover_enabled=&#8220;off&#8220; button_bg_color__hover_enabled=&#8220;off&#8220; button_one_bg_color__hover_enabled=&#8220;off&#8220; button_two_bg_color__hover_enabled=&#8220;off&#8220;][\/et_pb_contact_field][et_pb_contact_field field_id=&#8220;E-Mail&#8220; field_title=&#8220;E-Mail*&#8220; field_type=&#8220;email&#8220; fullwidth_field=&#8220;on&#8220; _builder_version=&#8220;4.27.0&#8243; form_field_text_color=&#8220;rgba(0,0,0,0.5)&#8220; form_field_font=&#8220;Open Sans||||||||&#8220; background_color=&#8220;#009CB9&#8243; background_enable_color=&#8220;on&#8220; global_colors_info=&#8220;{}&#8220; button_text_size__hover_enabled=&#8220;off&#8220; button_one_text_size__hover_enabled=&#8220;off&#8220; button_two_text_size__hover_enabled=&#8220;off&#8220; button_text_color__hover_enabled=&#8220;off&#8220; button_one_text_color__hover_enabled=&#8220;off&#8220; button_two_text_color__hover_enabled=&#8220;off&#8220; button_border_width__hover_enabled=&#8220;off&#8220; button_one_border_width__hover_enabled=&#8220;off&#8220; button_two_border_width__hover_enabled=&#8220;off&#8220; button_border_color__hover_enabled=&#8220;off&#8220; button_one_border_color__hover_enabled=&#8220;off&#8220; button_two_border_color__hover_enabled=&#8220;off&#8220; button_border_radius__hover_enabled=&#8220;off&#8220; button_one_border_radius__hover_enabled=&#8220;off&#8220; button_two_border_radius__hover_enabled=&#8220;off&#8220; button_letter_spacing__hover_enabled=&#8220;off&#8220; button_one_letter_spacing__hover_enabled=&#8220;off&#8220; button_two_letter_spacing__hover_enabled=&#8220;off&#8220; button_bg_color__hover_enabled=&#8220;off&#8220; button_one_bg_color__hover_enabled=&#8220;off&#8220; button_two_bg_color__hover_enabled=&#8220;off&#8220;][\/et_pb_contact_field][et_pb_contact_field field_id=&#8220;betreff&#8220; field_title=&#8220;Betreff*&#8220; field_type=&#8220;select&#8220; select_options=&#8220;%91{%22value%22:%22Pilates (montags 10:00-11:00)%22,%22checked%22:0,%22dragID%22:-1},{%22value%22:%22R\u00fcckengym (montags 9:00-10:00)%22,%22checked%22:0,%22dragID%22:0},{%22value%22:%22R\u00fcckengym (mittwochs 9:00-10:00)%22,%22checked%22:0,%22dragID%22:7},{%22value%22:%22BestFit (dienstags 18:30-19:30)%22,%22checked%22:0,%22dragID%22:1},{%22value%22:%22Sturzpr\u00e4vention (PR\u00c4VENTION)%22,%22checked%22:0,%22dragID%22:2},{%22value%22:%22R\u00fcckenschule (PR\u00c4VENTION)%22,%22checked%22:0,%22dragID%22:3},{%22value%22:%22PMR (PR\u00c4VENTION)%22,%22checked%22:0,%22dragID%22:4},{%22value%22:%22Am Ger\u00e4t (PR\u00c4VENTION)%22,%22checked%22:0,%22dragID%22:5},{%22value%22:%22Interessentenliste Hockergymnastik%22,%22checked%22:0,%22dragID%22:6}%93&#8243; fullwidth_field=&#8220;on&#8220; _builder_version=&#8220;4.27.0&#8243; _module_preset=&#8220;default&#8220; background_color=&#8220;#009CB9&#8243; background_enable_color=&#8220;on&#8220; hover_enabled=&#8220;0&#8243; global_colors_info=&#8220;{}&#8220; sticky_enabled=&#8220;0&#8243;][\/et_pb_contact_field][et_pb_contact_field field_id=&#8220;message&#8220; field_title=&#8220;optionale Nachricht&#8230;&#8220; field_type=&#8220;text&#8220; required_mark=&#8220;off&#8220; fullwidth_field=&#8220;on&#8220; _builder_version=&#8220;4.27.0&#8243; background_color=&#8220;#87CDDC&#8220; background_enable_color=&#8220;on&#8220; global_colors_info=&#8220;{}&#8220; button_text_size__hover_enabled=&#8220;off&#8220; button_one_text_size__hover_enabled=&#8220;off&#8220; button_two_text_size__hover_enabled=&#8220;off&#8220; button_text_color__hover_enabled=&#8220;off&#8220; button_one_text_color__hover_enabled=&#8220;off&#8220; button_two_text_color__hover_enabled=&#8220;off&#8220; button_border_width__hover_enabled=&#8220;off&#8220; button_one_border_width__hover_enabled=&#8220;off&#8220; button_two_border_width__hover_enabled=&#8220;off&#8220; button_border_color__hover_enabled=&#8220;off&#8220; button_one_border_color__hover_enabled=&#8220;off&#8220; button_two_border_color__hover_enabled=&#8220;off&#8220; button_border_radius__hover_enabled=&#8220;off&#8220; button_one_border_radius__hover_enabled=&#8220;off&#8220; button_two_border_radius__hover_enabled=&#8220;off&#8220; button_letter_spacing__hover_enabled=&#8220;off&#8220; button_one_letter_spacing__hover_enabled=&#8220;off&#8220; button_two_letter_spacing__hover_enabled=&#8220;off&#8220; button_bg_color__hover_enabled=&#8220;off&#8220; button_one_bg_color__hover_enabled=&#8220;off&#8220; button_two_bg_color__hover_enabled=&#8220;off&#8220;][\/et_pb_contact_field][\/et_pb_contact_form][\/et_pb_column][et_pb_column type=&#8220;1_3&#8243; _builder_version=&#8220;4.16&#8243; custom_padding=&#8220;|||&#8220; global_colors_info=&#8220;{}&#8220; custom_padding__hover=&#8220;|||&#8220;][\/et_pb_column][\/et_pb_row][\/et_pb_section][et_pb_section fb_built=&#8220;1&#8243; admin_label=&#8220;Contact Banner&#8220; _builder_version=&#8220;4.27.0&#8243; background_color=&#8220;#87CDDC&#8220; use_background_color_gradient=&#8220;on&#8220; background_color_gradient_stops=&#8220;#009cb9 0%|#00808e 100%&#8220; background_image=&#8220;https:\/\/vitanova-sterley.de\/wp-content\/uploads\/2022\/04\/hintergrund1.jpg&#8220; background_enable_image=&#8220;off&#8220; min_height=&#8220;0px&#8220; custom_margin=&#8220;0px||0px||false|false&#8220; custom_padding=&#8220;0px|0px|0px|0px|true|false&#8220; animation_direction=&#8220;bottom&#8220; global_module=&#8220;415&#8243; saved_tabs=&#8220;all&#8220; global_colors_info=&#8220;{}&#8220;][et_pb_row column_structure=&#8220;3_5,2_5&#8243; _builder_version=&#8220;4.16.1&#8243; min_height=&#8220;35.2px&#8220; global_colors_info=&#8220;{}&#8220;][et_pb_column type=&#8220;3_5&#8243; _builder_version=&#8220;4.16&#8243; custom_padding=&#8220;|||&#8220; global_colors_info=&#8220;{}&#8220; custom_padding__hover=&#8220;|||&#8220;][et_pb_text content_tablet=&#8220;<\/p>\n<h3>Sie erreichen uns:<br \/>Mi.-Do. 08.00 &#8211; 20:30 Uhr, Fr. 08:00 &#8211; 18:00 Uhr<\/h3>\n<p>&#8220; content_phone=&#8220;<\/p>\n<h3>Sie erreichen uns:<br \/>Mi.-Do. 08.00 &#8211; 20:30 Uhr, Fr. 08:00 &#8211; 18:00 Uhr<\/h3>\n<p>&#8220; content_last_edited=&#8220;on|phone&#8220; _builder_version=&#8220;4.27.0&#8243; _module_preset=&#8220;default&#8220; header_3_font=&#8220;Georgia|700|||||||&#8220; header_3_text_color=&#8220;#ffffff&#8220; header_3_line_height=&#8220;1.5em&#8220; global_colors_info=&#8220;{}&#8220;]<\/p>\n<h3>Sie erreichen uns:<br \/>Mi.-Do. 08.00 &#8211; 20:30 Uhr, Fr. 08:00 &#8211; 18:00 Uhr<\/h3>\n<p>[\/et_pb_text][\/et_pb_column][et_pb_column type=&#8220;2_5&#8243; _builder_version=&#8220;4.17.1&#8243; _module_preset=&#8220;default&#8220; global_colors_info=&#8220;{}&#8220;][et_pb_text _builder_version=&#8220;4.27.0&#8243; _module_preset=&#8220;default&#8220; text_font=&#8220;|600|||||||&#8220; text_text_color=&#8220;#ffffff&#8220; text_font_size=&#8220;30px&#8220; header_text_color=&#8220;#ffffff&#8220; text_orientation=&#8220;right&#8220; custom_margin=&#8220;30px||||false|false&#8220; global_colors_info=&#8220;{}&#8220;]<\/p>\n<p><span style=\"color: #ffffff;\">(04545) 78980<\/span><\/p>\n<p>[\/et_pb_text][\/et_pb_column][\/et_pb_row][\/et_pb_section]<\/p>\n","protected":false},"excerpt":{"rendered":"<p>Kontakformular Melden Sie sich einfach \u00fcber das Kontakformular f\u00fcr einen Kurs an.\u00a0Sie erreichen uns:Mi.-Do. 08.00 &#8211; 20:30 Uhr, Fr. 08:00 &#8211; 18:00 Uhr(04545) 78980<\/p>\n","protected":false},"author":1,"featured_media":0,"parent":0,"menu_order":0,"comment_status":"closed","ping_status":"closed","template":"","meta":{"_et_pb_use_builder":"on","_et_pb_old_content":"","_et_gb_content_width":"","footnotes":""},"class_list":["post-3142","page","type-page","status-publish","hentry"],"yoast_head":"<!-- This site is optimized with the Yoast SEO plugin v26.9 - https:\/\/yoast.com\/product\/yoast-seo-wordpress\/ -->\n<title>Kontakformular - Vitanova<\/title>\n<meta name=\"robots\" content=\"index, follow, max-snippet:-1, max-image-preview:large, max-video-preview:-1\" \/>\n<link rel=\"canonical\" href=\"https:\/\/vitanova-sterley.de\/index.php\/3142-2\/\" \/>\n<meta property=\"og:locale\" content=\"de_DE\" \/>\n<meta property=\"og:type\" content=\"article\" \/>\n<meta property=\"og:title\" content=\"Kontakformular - Vitanova\" \/>\n<meta property=\"og:description\" content=\"Kontakformular Melden Sie sich einfach \u00fcber das Kontakformular f\u00fcr einen Kurs an.\u00a0Sie erreichen uns:Mi.-Do. 08.00 - 20:30 Uhr, Fr. 08:00 - 18:00 Uhr(04545) 78980\" \/>\n<meta property=\"og:url\" content=\"https:\/\/vitanova-sterley.de\/index.php\/3142-2\/\" \/>\n<meta property=\"og:site_name\" content=\"Vitanova\" \/>\n<meta property=\"article:publisher\" content=\"https:\/\/www.facebook.com\/VITANOVA.Sterley\" \/>\n<meta property=\"article:modified_time\" content=\"2024-09-11T10:10:28+00:00\" \/>\n<meta name=\"twitter:card\" content=\"summary_large_image\" \/>\n<meta name=\"twitter:label1\" content=\"Gesch\u00e4tzte Lesezeit\" \/>\n\t<meta name=\"twitter:data1\" content=\"1\u00a0Minute\" \/>\n<script type=\"application\/ld+json\" class=\"yoast-schema-graph\">{\"@context\":\"https:\/\/schema.org\",\"@graph\":[{\"@type\":\"WebPage\",\"@id\":\"https:\/\/vitanova-sterley.de\/index.php\/3142-2\/\",\"url\":\"https:\/\/vitanova-sterley.de\/index.php\/3142-2\/\",\"name\":\"Kontakformular - Vitanova\",\"isPartOf\":{\"@id\":\"https:\/\/vitanova-sterley.de\/#website\"},\"datePublished\":\"2024-09-06T07:36:50+00:00\",\"dateModified\":\"2024-09-11T10:10:28+00:00\",\"breadcrumb\":{\"@id\":\"https:\/\/vitanova-sterley.de\/index.php\/3142-2\/#breadcrumb\"},\"inLanguage\":\"de\",\"potentialAction\":[{\"@type\":\"ReadAction\",\"target\":[\"https:\/\/vitanova-sterley.de\/index.php\/3142-2\/\"]}]},{\"@type\":\"BreadcrumbList\",\"@id\":\"https:\/\/vitanova-sterley.de\/index.php\/3142-2\/#breadcrumb\",\"itemListElement\":[{\"@type\":\"ListItem\",\"position\":1,\"name\":\"Startseite\",\"item\":\"https:\/\/vitanova-sterley.de\/\"},{\"@type\":\"ListItem\",\"position\":2,\"name\":\"Kontakformular\"}]},{\"@type\":\"WebSite\",\"@id\":\"https:\/\/vitanova-sterley.de\/#website\",\"url\":\"https:\/\/vitanova-sterley.de\/\",\"name\":\"Vitanova Sterley\",\"description\":\"Das Gesundheitszentrum fu\u0308r Physiotherapie, Ergotherapie, Osteopathie und Training\",\"publisher\":{\"@id\":\"https:\/\/vitanova-sterley.de\/#organization\"},\"alternateName\":\"Vitanova\",\"potentialAction\":[{\"@type\":\"SearchAction\",\"target\":{\"@type\":\"EntryPoint\",\"urlTemplate\":\"https:\/\/vitanova-sterley.de\/?s={search_term_string}\"},\"query-input\":{\"@type\":\"PropertyValueSpecification\",\"valueRequired\":true,\"valueName\":\"search_term_string\"}}],\"inLanguage\":\"de\"},{\"@type\":\"Organization\",\"@id\":\"https:\/\/vitanova-sterley.de\/#organization\",\"name\":\"Vitanova - Gesundheitszentrum f\u00fcr Physiotherapie, Ergotherapie, Osteopathie und Training.\",\"alternateName\":\"Vitanova - Gesundheitszentrum\",\"url\":\"https:\/\/vitanova-sterley.de\/\",\"logo\":{\"@type\":\"ImageObject\",\"inLanguage\":\"de\",\"@id\":\"https:\/\/vitanova-sterley.de\/#\/schema\/logo\/image\/\",\"url\":\"https:\/\/vitanova-sterley.de\/wp-content\/uploads\/2022\/04\/VitaNova_Logo_Reduziert_geschlossen_RGB.png\",\"contentUrl\":\"https:\/\/vitanova-sterley.de\/wp-content\/uploads\/2022\/04\/VitaNova_Logo_Reduziert_geschlossen_RGB.png\",\"width\":1200,\"height\":830,\"caption\":\"Vitanova - Gesundheitszentrum f\u00fcr Physiotherapie, Ergotherapie, Osteopathie und Training.\"},\"image\":{\"@id\":\"https:\/\/vitanova-sterley.de\/#\/schema\/logo\/image\/\"},\"sameAs\":[\"https:\/\/www.facebook.com\/VITANOVA.Sterley\",\"https:\/\/www.instagram.com\/vitanova_sterley\/\"]}]}<\/script>\n<!-- \/ Yoast SEO plugin. -->","yoast_head_json":{"title":"Kontakformular - Vitanova","robots":{"index":"index","follow":"follow","max-snippet":"max-snippet:-1","max-image-preview":"max-image-preview:large","max-video-preview":"max-video-preview:-1"},"canonical":"https:\/\/vitanova-sterley.de\/index.php\/3142-2\/","og_locale":"de_DE","og_type":"article","og_title":"Kontakformular - Vitanova","og_description":"Kontakformular Melden Sie sich einfach \u00fcber das Kontakformular f\u00fcr einen Kurs an.\u00a0Sie erreichen uns:Mi.-Do. 08.00 - 20:30 Uhr, Fr. 08:00 - 18:00 Uhr(04545) 78980","og_url":"https:\/\/vitanova-sterley.de\/index.php\/3142-2\/","og_site_name":"Vitanova","article_publisher":"https:\/\/www.facebook.com\/VITANOVA.Sterley","article_modified_time":"2024-09-11T10:10:28+00:00","twitter_card":"summary_large_image","twitter_misc":{"Gesch\u00e4tzte Lesezeit":"1\u00a0Minute"},"schema":{"@context":"https:\/\/schema.org","@graph":[{"@type":"WebPage","@id":"https:\/\/vitanova-sterley.de\/index.php\/3142-2\/","url":"https:\/\/vitanova-sterley.de\/index.php\/3142-2\/","name":"Kontakformular - Vitanova","isPartOf":{"@id":"https:\/\/vitanova-sterley.de\/#website"},"datePublished":"2024-09-06T07:36:50+00:00","dateModified":"2024-09-11T10:10:28+00:00","breadcrumb":{"@id":"https:\/\/vitanova-sterley.de\/index.php\/3142-2\/#breadcrumb"},"inLanguage":"de","potentialAction":[{"@type":"ReadAction","target":["https:\/\/vitanova-sterley.de\/index.php\/3142-2\/"]}]},{"@type":"BreadcrumbList","@id":"https:\/\/vitanova-sterley.de\/index.php\/3142-2\/#breadcrumb","itemListElement":[{"@type":"ListItem","position":1,"name":"Startseite","item":"https:\/\/vitanova-sterley.de\/"},{"@type":"ListItem","position":2,"name":"Kontakformular"}]},{"@type":"WebSite","@id":"https:\/\/vitanova-sterley.de\/#website","url":"https:\/\/vitanova-sterley.de\/","name":"Vitanova Sterley","description":"Das Gesundheitszentrum fu\u0308r Physiotherapie, Ergotherapie, Osteopathie und Training","publisher":{"@id":"https:\/\/vitanova-sterley.de\/#organization"},"alternateName":"Vitanova","potentialAction":[{"@type":"SearchAction","target":{"@type":"EntryPoint","urlTemplate":"https:\/\/vitanova-sterley.de\/?s={search_term_string}"},"query-input":{"@type":"PropertyValueSpecification","valueRequired":true,"valueName":"search_term_string"}}],"inLanguage":"de"},{"@type":"Organization","@id":"https:\/\/vitanova-sterley.de\/#organization","name":"Vitanova - Gesundheitszentrum f\u00fcr Physiotherapie, Ergotherapie, Osteopathie und Training.","alternateName":"Vitanova - Gesundheitszentrum","url":"https:\/\/vitanova-sterley.de\/","logo":{"@type":"ImageObject","inLanguage":"de","@id":"https:\/\/vitanova-sterley.de\/#\/schema\/logo\/image\/","url":"https:\/\/vitanova-sterley.de\/wp-content\/uploads\/2022\/04\/VitaNova_Logo_Reduziert_geschlossen_RGB.png","contentUrl":"https:\/\/vitanova-sterley.de\/wp-content\/uploads\/2022\/04\/VitaNova_Logo_Reduziert_geschlossen_RGB.png","width":1200,"height":830,"caption":"Vitanova - Gesundheitszentrum f\u00fcr Physiotherapie, Ergotherapie, Osteopathie und Training."},"image":{"@id":"https:\/\/vitanova-sterley.de\/#\/schema\/logo\/image\/"},"sameAs":["https:\/\/www.facebook.com\/VITANOVA.Sterley","https:\/\/www.instagram.com\/vitanova_sterley\/"]}]}},"_links":{"self":[{"href":"https:\/\/vitanova-sterley.de\/index.php\/wp-json\/wp\/v2\/pages\/3142","targetHints":{"allow":["GET"]}}],"collection":[{"href":"https:\/\/vitanova-sterley.de\/index.php\/wp-json\/wp\/v2\/pages"}],"about":[{"href":"https:\/\/vitanova-sterley.de\/index.php\/wp-json\/wp\/v2\/types\/page"}],"author":[{"embeddable":true,"href":"https:\/\/vitanova-sterley.de\/index.php\/wp-json\/wp\/v2\/users\/1"}],"replies":[{"embeddable":true,"href":"https:\/\/vitanova-sterley.de\/index.php\/wp-json\/wp\/v2\/comments?post=3142"}],"version-history":[{"count":16,"href":"https:\/\/vitanova-sterley.de\/index.php\/wp-json\/wp\/v2\/pages\/3142\/revisions"}],"predecessor-version":[{"id":3218,"href":"https:\/\/vitanova-sterley.de\/index.php\/wp-json\/wp\/v2\/pages\/3142\/revisions\/3218"}],"wp:attachment":[{"href":"https:\/\/vitanova-sterley.de\/index.php\/wp-json\/wp\/v2\/media?parent=3142"}],"curies":[{"name":"wp","href":"https:\/\/api.w.org\/{rel}","templated":true}]}}