{"id":1487,"date":"2022-05-02T11:04:55","date_gmt":"2022-05-02T11:04:55","guid":{"rendered":"https:\/\/vn.eu-mart.net\/?page_id=1487"},"modified":"2022-06-22T15:31:15","modified_gmt":"2022-06-22T15:31:15","slug":"energetische-heilbehandlung","status":"publish","type":"page","link":"https:\/\/vitanova-sterley.de\/index.php\/energetische-heilbehandlung\/","title":{"rendered":"Energetische Heilbehandlung"},"content":{"rendered":"<p>[et_pb_section fb_built=&#8220;1&#8243; custom_padding_last_edited=&#8220;on|phone&#8220; admin_label=&#8220;Header&#8220; _builder_version=&#8220;4.17.3&#8243; use_background_color_gradient=&#8220;on&#8220; background_color_gradient_type=&#8220;circular&#8220; background_color_gradient_direction_radial=&#8220;right&#8220; background_color_gradient_stops=&#8220;rgba(255,255,255,0) 0%|#f9fafc 100%&#8220; background_color_gradient_overlays_image=&#8220;on&#8220; background_color_gradient_start=&#8220;rgba(255,255,255,0)&#8220; background_color_gradient_end=&#8220;#f9fafc&#8220; background_image=&#8220;https:\/\/vitanova-sterley.de\/wp-content\/uploads\/2022\/05\/pexels-andrea-piacquadio-3760270-scaled-e1651594908720.jpg&#8220; custom_margin=&#8220;|||&#8220; custom_padding=&#8220;0vw||0vw||true|false&#8220; custom_padding_tablet=&#8220;||||false|false&#8220; custom_padding_phone=&#8220;||||false|false&#8220; bottom_divider_height=&#8220;50px&#8220; bottom_divider_flip=&#8220;vertical&#8220; global_colors_info=&#8220;{}&#8220;][et_pb_row _builder_version=&#8220;4.17.0&#8243; width_tablet=&#8220;&#8220; width_phone=&#8220;&#8220; width_last_edited=&#8220;on|phone&#8220; max_width=&#8220;1280px&#8220; min_height=&#8220;350px&#8220; custom_padding=&#8220;60px||34px||false|&#8220; use_custom_width=&#8220;on&#8220; custom_width_px=&#8220;1280px&#8220; global_colors_info=&#8220;{}&#8220;][et_pb_column type=&#8220;4_4&#8243; _builder_version=&#8220;4.16&#8243; custom_padding=&#8220;|||&#8220; global_colors_info=&#8220;{}&#8220; custom_padding__hover=&#8220;|||&#8220;][et_pb_text _builder_version=&#8220;4.17.3&#8243; text_font=&#8220;Open Sans||||||||&#8220; text_text_color=&#8220;#000000&#8243; text_font_size=&#8220;16px&#8220; text_line_height=&#8220;2em&#8220; header_font=&#8220;Georgia|700|||||||&#8220; header_text_color=&#8220;#009CB9&#8243; header_font_size=&#8220;45px&#8220; header_line_height=&#8220;1.5em&#8220; header_2_font=&#8220;||||||||&#8220; header_2_text_color=&#8220;#000000&#8243; header_2_font_size=&#8220;20px&#8220; header_2_line_height=&#8220;1.6em&#8220; header_3_font=&#8220;Open Sans||||||||&#8220; header_3_font_size=&#8220;16px&#8220; header_3_line_height=&#8220;1.8em&#8220; text_orientation=&#8220;center&#8220; width=&#8220;70%&#8220; width_tablet=&#8220;90%&#8220; width_phone=&#8220;100%&#8220; width_last_edited=&#8220;on|tablet&#8220; module_alignment=&#8220;center&#8220; animation_direction=&#8220;bottom&#8220; header_font_size_tablet=&#8220;35px&#8220; header_font_size_phone=&#8220;35px&#8220; header_font_size_last_edited=&#8220;on|phone&#8220; header_3_font_size_tablet=&#8220;18px&#8220; header_3_font_size_phone=&#8220;16px&#8220; header_3_font_size_last_edited=&#8220;on|phone&#8220; header_3_line_height_tablet=&#8220;1.5em&#8220; header_3_line_height_phone=&#8220;1.5em&#8220; header_3_line_height_last_edited=&#8220;on|desktop&#8220; global_colors_info=&#8220;{}&#8220;]<\/p>\n<h1>Energetische Heilbehandlung<\/h1>\n<p>[\/et_pb_text][et_pb_divider color=&#8220;#009CB9&#8243; divider_weight=&#8220;2px&#8220; _builder_version=&#8220;4.16.1&#8243; max_width=&#8220;60px&#8220; module_alignment=&#8220;center&#8220; height=&#8220;2px&#8220; global_colors_info=&#8220;{}&#8220;][\/et_pb_divider][et_pb_text _builder_version=&#8220;4.17.3&#8243; text_font=&#8220;Open Sans||||||||&#8220; text_text_color=&#8220;#000000&#8243; text_font_size=&#8220;16px&#8220; text_line_height=&#8220;2em&#8220; header_font=&#8220;Georgia|700|||||||&#8220; header_text_color=&#8220;#009CB9&#8243; header_font_size=&#8220;45px&#8220; header_line_height=&#8220;1.5em&#8220; header_2_font=&#8220;||||||||&#8220; header_2_text_color=&#8220;#000000&#8243; header_2_font_size=&#8220;20px&#8220; header_2_line_height=&#8220;1.6em&#8220; header_3_font=&#8220;Open Sans||||||||&#8220; header_3_font_size=&#8220;16px&#8220; header_3_line_height=&#8220;1.8em&#8220; text_orientation=&#8220;center&#8220; width=&#8220;50%&#8220; width_tablet=&#8220;70%&#8220; width_phone=&#8220;100%&#8220; width_last_edited=&#8220;on|phone&#8220; module_alignment=&#8220;center&#8220; animation_direction=&#8220;bottom&#8220; header_font_size_tablet=&#8220;35px&#8220; header_font_size_phone=&#8220;39px&#8220; header_font_size_last_edited=&#8220;on|phone&#8220; header_3_font_size_tablet=&#8220;16px&#8220; header_3_font_size_phone=&#8220;16px&#8220; header_3_font_size_last_edited=&#8220;on|phone&#8220; header_3_line_height_tablet=&#8220;1.8em&#8220; header_3_line_height_phone=&#8220;1.8em&#8220; header_3_line_height_last_edited=&#8220;on|desktop&#8220; global_colors_info=&#8220;{}&#8220;]<\/p>\n<h3>K\u00f6rperwahrnehmung, Einklang, Lebensenergie<\/h3>\n<p>[\/et_pb_text][et_pb_button button_text=&#8220;Termin buchen&#8220; button_alignment=&#8220;center&#8220; _builder_version=&#8220;4.17.4&#8243; _module_preset=&#8220;default&#8220; button_text_size=&#8220;14px&#8220; button_bg_color=&#8220;#009CB9&#8243; button_border_width=&#8220;16px&#8220; animation_style=&#8220;none&#8220; hover_enabled=&#8220;0&#8243; global_colors_info=&#8220;{}&#8220; button_url=&#8220;https:\/\/vitanova-sterley.de\/index.php\/kontakt\/&#8220; sticky_enabled=&#8220;0&#8243;][\/et_pb_button][\/et_pb_column][\/et_pb_row][\/et_pb_section][et_pb_section fb_built=&#8220;1&#8243; _builder_version=&#8220;4.17.3&#8243; _module_preset=&#8220;default&#8220; global_colors_info=&#8220;{}&#8220;][et_pb_row column_structure=&#8220;1_2,1_2&#8243; _builder_version=&#8220;4.17.3&#8243; _module_preset=&#8220;default&#8220; global_colors_info=&#8220;{}&#8220;][et_pb_column type=&#8220;1_2&#8243; _builder_version=&#8220;4.17.3&#8243; _module_preset=&#8220;default&#8220; global_colors_info=&#8220;{}&#8220;][et_pb_text _builder_version=&#8220;4.17.3&#8243; _module_preset=&#8220;default&#8220; global_colors_info=&#8220;{}&#8220;]<\/p>\n<p>Neben dem medizinischen Therapieansatz behandelt Frau Ellen Ulrich auf anderen Ebenen der K\u00f6rperwahrnehmung: Die Ursachen vieler Erkrankungen liegen auf energetischer Ebene und sind das Ergebnis von Konflikten zwischen unserem geistigen und k\u00f6rperlichen Selbst, des gelebten Alltags und unserer Lebensaufgabe.<\/p>\n<p>[\/et_pb_text][\/et_pb_column][et_pb_column type=&#8220;1_2&#8243; _builder_version=&#8220;4.17.3&#8243; _module_preset=&#8220;default&#8220; global_colors_info=&#8220;{}&#8220;][et_pb_text _builder_version=&#8220;4.17.3&#8243; _module_preset=&#8220;default&#8220; global_colors_info=&#8220;{}&#8220;]<\/p>\n<p>In der energetischen Heilbehandlung wird nach den tieferen Ursachen f\u00fcr unsere Krankheiten gesucht und mit der Seele wieder in Einklang gebracht. Der Einklang l\u00e4sst die Lebensenergie wieder flie\u00dfen und wirkt heilend auf K\u00f6rper und Geist. Wenn die Schulmedizin bei Beschwerden keine Ursache finden kann, kann dies auf eine St\u00f6rung des energetischen Flusses der Lebensenergie handeln.<\/p>\n<p>[\/et_pb_text][\/et_pb_column][\/et_pb_row][et_pb_row column_structure=&#8220;1_4,1_4,1_4,1_4&#8243; _builder_version=&#8220;4.17.0&#8243; global_colors_info=&#8220;{}&#8220;][et_pb_column type=&#8220;1_4&#8243; _builder_version=&#8220;4.17.0&#8243; custom_padding=&#8220;|||&#8220; global_colors_info=&#8220;{}&#8220; custom_padding__hover=&#8220;|||&#8220;][et_pb_text _builder_version=&#8220;4.17.3&#8243; _module_preset=&#8220;default&#8220; text_font=&#8220;Open Sans||||||||&#8220; text_line_height=&#8220;1.6em&#8220; global_colors_info=&#8220;{}&#8220;]<\/p>\n<p class=\"p1\"><strong>Anwendungen der energetischen Heilbehandlung:<\/strong><\/p>\n<p>[\/et_pb_text][\/et_pb_column][et_pb_column type=&#8220;1_4&#8243; _builder_version=&#8220;4.16&#8243; custom_padding=&#8220;|||&#8220; global_colors_info=&#8220;{}&#8220; custom_padding__hover=&#8220;|||&#8220;][et_pb_text _builder_version=&#8220;4.17.0&#8243; text_font=&#8220;Open Sans||||||||&#8220; text_text_color=&#8220;#000000&#8243; text_line_height=&#8220;2em&#8220; locked=&#8220;off&#8220; global_colors_info=&#8220;{}&#8220;]<\/p>\n<ul>\n<li>Chronische Kopfschmerzen \/ Kopfdruck<\/li>\n<li>Magen-Darm-Symptomatik<\/li>\n<li>Orientierungslosigkeit und Gefu\u0308hl von Leere<\/li>\n<li>Pl\u00f6tzliche Stimmungsschwankungen<\/li>\n<\/ul>\n<p>[\/et_pb_text][\/et_pb_column][et_pb_column type=&#8220;1_4&#8243; _builder_version=&#8220;4.16&#8243; custom_padding=&#8220;|||&#8220; global_colors_info=&#8220;{}&#8220; custom_padding__hover=&#8220;|||&#8220;][et_pb_text _builder_version=&#8220;4.17.0&#8243; text_font=&#8220;Open Sans||||||||&#8220; text_text_color=&#8220;#000000&#8243; text_line_height=&#8220;2em&#8220; locked=&#8220;off&#8220; global_colors_info=&#8220;{}&#8220;]<\/p>\n<ul>\n<li>Innere Orientierungslosigkeit<\/li>\n<li>Bewegungsunf\u00e4higkeit (schwere Glieder)<\/li>\n<li>Depression<\/li>\n<li><span style=\"font-size: 14px;\">Herzrasen bzw. Herzenge<\/span><\/li>\n<li class=\"p1\">Burn-Out und Bore-Out<\/li>\n<li>Innere Orientierungslosigkeit<\/li>\n<\/ul>\n<p>[\/et_pb_text][\/et_pb_column][et_pb_column type=&#8220;1_4&#8243; _builder_version=&#8220;4.16&#8243; custom_padding=&#8220;|||&#8220; global_colors_info=&#8220;{}&#8220; custom_padding__hover=&#8220;|||&#8220;][et_pb_button button_text=&#8220;Termin buchen&#8220; _builder_version=&#8220;4.17.4&#8243; _module_preset=&#8220;default&#8220; button_text_size=&#8220;14px&#8220; button_bg_color=&#8220;#009CB9&#8243; button_border_width=&#8220;16px&#8220; animation_style=&#8220;none&#8220; hover_enabled=&#8220;0&#8243; global_colors_info=&#8220;{}&#8220; button_url=&#8220;https:\/\/vitanova-sterley.de\/index.php\/kontakt\/&#8220; sticky_enabled=&#8220;0&#8243;][\/et_pb_button][\/et_pb_column][\/et_pb_row][\/et_pb_section][et_pb_section fb_built=&#8220;1&#8243; _builder_version=&#8220;4.17.1&#8243; _module_preset=&#8220;default&#8220; background_color=&#8220;rgba(0,128,142,0.03)&#8220; custom_padding=&#8220;40px||40px|||&#8220; global_colors_info=&#8220;{}&#8220;][et_pb_row _builder_version=&#8220;4.16.1&#8243; _module_preset=&#8220;default&#8220; custom_padding=&#8220;||12px|||&#8220; global_colors_info=&#8220;{}&#8220;][et_pb_column type=&#8220;4_4&#8243; _builder_version=&#8220;4.16.1&#8243; _module_preset=&#8220;default&#8220; global_colors_info=&#8220;{}&#8220;][et_pb_text _builder_version=&#8220;4.17.3&#8243; _module_preset=&#8220;default&#8220; text_font=&#8220;Open Sans||||||||&#8220; text_line_height=&#8220;2em&#8220; header_font=&#8220;||||||||&#8220; header_2_font=&#8220;Georgia|700|||||||&#8220; header_2_text_color=&#8220;#000000&#8243; header_2_font_size=&#8220;30px&#8220; header_2_line_height=&#8220;1.4em&#8220; header_5_text_color=&#8220;#009CB9&#8243; background_enable_image=&#8220;off&#8220; background_size=&#8220;initial&#8220; background_position=&#8220;top_left&#8220; text_orientation=&#8220;center&#8220; custom_padding=&#8220;0px|||0px|false|false&#8220; header_2_font_size_tablet=&#8220;35px&#8220; header_2_font_size_phone=&#8220;25px&#8220; header_2_font_size_last_edited=&#8220;on|desktop&#8220; global_colors_info=&#8220;{}&#8220;]<\/p>\n<h5 style=\"text-align: center;\">Fragen &amp; Antworten &#8211; Patient<\/h5>\n<h2 style=\"text-align: center;\">Sie haben Fragen?<\/h2>\n<p>[\/et_pb_text][et_pb_button button_text=&#8220;Zu den FAQs&#8220; button_alignment=&#8220;center&#8220; _builder_version=&#8220;4.17.4&#8243; _module_preset=&#8220;default&#8220; button_text_size=&#8220;14px&#8220; button_bg_color=&#8220;#87CDDC&#8220; button_border_width=&#8220;16px&#8220; custom_margin=&#8220;-18px|||||&#8220; animation_style=&#8220;none&#8220; hover_enabled=&#8220;0&#8243; global_colors_info=&#8220;{}&#8220; custom_padding__hover_enabled=&#8220;on|desktop&#8220; button_url=&#8220;https:\/\/vitanova-sterley.de\/index.php\/home\/osteopathie\/352-2\/&#8220; sticky_enabled=&#8220;0&#8243;][\/et_pb_button][\/et_pb_column][\/et_pb_row][\/et_pb_section][et_pb_section fb_built=&#8220;1&#8243; admin_label=&#8220;Contact Banner&#8220; _builder_version=&#8220;4.17.0&#8243; background_color=&#8220;#87CDDC&#8220; use_background_color_gradient=&#8220;on&#8220; background_color_gradient_stops=&#8220;#009cb9 0%|#00808e 100%&#8220; background_image=&#8220;https:\/\/vitanova-sterley.de\/wp-content\/uploads\/2022\/04\/hintergrund1.jpg&#8220; background_enable_image=&#8220;off&#8220; custom_padding=&#8220;20px|0px|20px|0px|true|false&#8220; animation_direction=&#8220;bottom&#8220; global_module=&#8220;415&#8243; saved_tabs=&#8220;all&#8220; global_colors_info=&#8220;{}&#8220;][et_pb_row column_structure=&#8220;3_5,2_5&#8243; _builder_version=&#8220;4.16.1&#8243; global_colors_info=&#8220;{}&#8220;][et_pb_column type=&#8220;3_5&#8243; _builder_version=&#8220;4.16&#8243; custom_padding=&#8220;|||&#8220; global_colors_info=&#8220;{}&#8220; custom_padding__hover=&#8220;|||&#8220;][et_pb_text _builder_version=&#8220;4.17.3&#8243; text_font=&#8220;||||||||&#8220; quote_font=&#8220;||||||||&#8220; header_font=&#8220;||||||||&#8220; header_2_font=&#8220;|800|||||||&#8220; header_2_font_size=&#8220;24px&#8220; header_2_line_height=&#8220;1.8em&#8220; header_3_font=&#8220;Georgia|700|||||||&#8220; header_3_font_size=&#8220;20px&#8220; header_3_line_height=&#8220;1.8em&#8220; header_4_font=&#8220;|800||on|||||&#8220; header_4_font_size=&#8220;16px&#8220; header_4_letter_spacing=&#8220;0.5px&#8220; header_4_line_height=&#8220;1.7em&#8220; background_layout=&#8220;dark&#8220; custom_padding=&#8220;||0px|||&#8220; header_2_font_size_tablet=&#8220;&#8220; header_2_font_size_phone=&#8220;18px&#8220; header_2_font_size_last_edited=&#8220;on|phone&#8220; locked=&#8220;off&#8220; global_colors_info=&#8220;{}&#8220;]<\/p>\n<h3>Sie erreichen uns:<br \/>Mo.-Do. 08.00 \u2013 20.30 Uhr, Fr. 08.00 \u2013 18.00 Uhr<\/h3>\n<p>[\/et_pb_text][\/et_pb_column][et_pb_column type=&#8220;2_5&#8243; _builder_version=&#8220;4.17.1&#8243; _module_preset=&#8220;default&#8220; global_colors_info=&#8220;{}&#8220;][et_pb_text _builder_version=&#8220;4.17.0&#8243; text_font=&#8220;||||||||&#8220; quote_font=&#8220;||||||||&#8220; header_font=&#8220;||||||||&#8220; header_2_font=&#8220;Open Sans|600||on|||||&#8220; header_2_font_size=&#8220;44px&#8220; header_2_letter_spacing=&#8220;1px&#8220; header_2_line_height=&#8220;1.8em&#8220; header_3_font=&#8220;||||||||&#8220; header_4_font=&#8220;Open Sans|700|||||||&#8220; header_4_font_size=&#8220;16px&#8220; header_4_letter_spacing=&#8220;0.5px&#8220; header_4_line_height=&#8220;1.7em&#8220; text_orientation=&#8220;right&#8220; background_layout=&#8220;dark&#8220; custom_padding=&#8220;|||&#8220; header_2_font_size_tablet=&#8220;&#8220; header_2_font_size_phone=&#8220;30px&#8220; header_2_font_size_last_edited=&#8220;on|phone&#8220; locked=&#8220;off&#8220; global_colors_info=&#8220;{}&#8220;]<\/p>\n<h4><\/h4>\n<h2>(04545) 78 98 0<\/h2>\n<p>[\/et_pb_text][\/et_pb_column][\/et_pb_row][\/et_pb_section]<\/p>\n","protected":false},"excerpt":{"rendered":"<p>Energetische HeilbehandlungK\u00f6rperwahrnehmung, Einklang, LebensenergieNeben dem medizinischen Therapieansatz behandelt Frau Ellen Ulrich auf anderen Ebenen der K\u00f6rperwahrnehmung: Die Ursachen vieler Erkrankungen liegen auf energetischer Ebene und sind das Ergebnis von Konflikten zwischen unserem geistigen und k\u00f6rperlichen Selbst, des gelebten Alltags und unserer Lebensaufgabe.In der energetischen Heilbehandlung wird nach den tieferen Ursachen f\u00fcr unsere Krankheiten gesucht und [&hellip;]<\/p>\n","protected":false},"author":1,"featured_media":0,"parent":0,"menu_order":0,"comment_status":"closed","ping_status":"closed","template":"","meta":{"_et_pb_use_builder":"on","_et_pb_old_content":"","_et_gb_content_width":"","footnotes":""},"class_list":["post-1487","page","type-page","status-publish","hentry"],"yoast_head":"<!-- This site is optimized with the Yoast SEO plugin v26.9 - https:\/\/yoast.com\/product\/yoast-seo-wordpress\/ -->\n<title>Energetische Heilbehandlung - Vitanova<\/title>\n<meta name=\"robots\" content=\"index, follow, max-snippet:-1, max-image-preview:large, max-video-preview:-1\" \/>\n<link rel=\"canonical\" href=\"https:\/\/vitanova-sterley.de\/index.php\/energetische-heilbehandlung\/\" \/>\n<meta property=\"og:locale\" content=\"de_DE\" \/>\n<meta property=\"og:type\" content=\"article\" \/>\n<meta property=\"og:title\" content=\"Energetische Heilbehandlung - Vitanova\" \/>\n<meta property=\"og:description\" content=\"Energetische HeilbehandlungK\u00f6rperwahrnehmung, Einklang, LebensenergieNeben dem medizinischen Therapieansatz behandelt Frau Ellen Ulrich auf anderen Ebenen der K\u00f6rperwahrnehmung: Die Ursachen vieler Erkrankungen liegen auf energetischer Ebene und sind das Ergebnis von Konflikten zwischen unserem geistigen und k\u00f6rperlichen Selbst, des gelebten Alltags und unserer Lebensaufgabe.In der energetischen Heilbehandlung wird nach den tieferen Ursachen f\u00fcr unsere Krankheiten gesucht und [&hellip;]\" \/>\n<meta property=\"og:url\" content=\"https:\/\/vitanova-sterley.de\/index.php\/energetische-heilbehandlung\/\" \/>\n<meta property=\"og:site_name\" content=\"Vitanova\" \/>\n<meta property=\"article:publisher\" content=\"https:\/\/www.facebook.com\/VITANOVA.Sterley\" \/>\n<meta property=\"article:modified_time\" content=\"2022-06-22T15:31:15+00:00\" \/>\n<meta name=\"twitter:card\" content=\"summary_large_image\" \/>\n<meta name=\"twitter:label1\" content=\"Gesch\u00e4tzte Lesezeit\" \/>\n\t<meta name=\"twitter:data1\" content=\"7\u00a0Minuten\" \/>\n<script type=\"application\/ld+json\" class=\"yoast-schema-graph\">{\"@context\":\"https:\/\/schema.org\",\"@graph\":[{\"@type\":\"WebPage\",\"@id\":\"https:\/\/vitanova-sterley.de\/index.php\/energetische-heilbehandlung\/\",\"url\":\"https:\/\/vitanova-sterley.de\/index.php\/energetische-heilbehandlung\/\",\"name\":\"Energetische Heilbehandlung - Vitanova\",\"isPartOf\":{\"@id\":\"https:\/\/vitanova-sterley.de\/#website\"},\"datePublished\":\"2022-05-02T11:04:55+00:00\",\"dateModified\":\"2022-06-22T15:31:15+00:00\",\"breadcrumb\":{\"@id\":\"https:\/\/vitanova-sterley.de\/index.php\/energetische-heilbehandlung\/#breadcrumb\"},\"inLanguage\":\"de\",\"potentialAction\":[{\"@type\":\"ReadAction\",\"target\":[\"https:\/\/vitanova-sterley.de\/index.php\/energetische-heilbehandlung\/\"]}]},{\"@type\":\"BreadcrumbList\",\"@id\":\"https:\/\/vitanova-sterley.de\/index.php\/energetische-heilbehandlung\/#breadcrumb\",\"itemListElement\":[{\"@type\":\"ListItem\",\"position\":1,\"name\":\"Startseite\",\"item\":\"https:\/\/vitanova-sterley.de\/\"},{\"@type\":\"ListItem\",\"position\":2,\"name\":\"Energetische Heilbehandlung\"}]},{\"@type\":\"WebSite\",\"@id\":\"https:\/\/vitanova-sterley.de\/#website\",\"url\":\"https:\/\/vitanova-sterley.de\/\",\"name\":\"Vitanova Sterley\",\"description\":\"Das Gesundheitszentrum fu\u0308r Physiotherapie, Ergotherapie, Osteopathie und Training\",\"publisher\":{\"@id\":\"https:\/\/vitanova-sterley.de\/#organization\"},\"alternateName\":\"Vitanova\",\"potentialAction\":[{\"@type\":\"SearchAction\",\"target\":{\"@type\":\"EntryPoint\",\"urlTemplate\":\"https:\/\/vitanova-sterley.de\/?s={search_term_string}\"},\"query-input\":{\"@type\":\"PropertyValueSpecification\",\"valueRequired\":true,\"valueName\":\"search_term_string\"}}],\"inLanguage\":\"de\"},{\"@type\":\"Organization\",\"@id\":\"https:\/\/vitanova-sterley.de\/#organization\",\"name\":\"Vitanova - Gesundheitszentrum f\u00fcr Physiotherapie, Ergotherapie, Osteopathie und Training.\",\"alternateName\":\"Vitanova - Gesundheitszentrum\",\"url\":\"https:\/\/vitanova-sterley.de\/\",\"logo\":{\"@type\":\"ImageObject\",\"inLanguage\":\"de\",\"@id\":\"https:\/\/vitanova-sterley.de\/#\/schema\/logo\/image\/\",\"url\":\"https:\/\/vitanova-sterley.de\/wp-content\/uploads\/2022\/04\/VitaNova_Logo_Reduziert_geschlossen_RGB.png\",\"contentUrl\":\"https:\/\/vitanova-sterley.de\/wp-content\/uploads\/2022\/04\/VitaNova_Logo_Reduziert_geschlossen_RGB.png\",\"width\":1200,\"height\":830,\"caption\":\"Vitanova - Gesundheitszentrum f\u00fcr Physiotherapie, Ergotherapie, Osteopathie und Training.\"},\"image\":{\"@id\":\"https:\/\/vitanova-sterley.de\/#\/schema\/logo\/image\/\"},\"sameAs\":[\"https:\/\/www.facebook.com\/VITANOVA.Sterley\",\"https:\/\/www.instagram.com\/vitanova_sterley\/\"]}]}<\/script>\n<!-- \/ Yoast SEO plugin. -->","yoast_head_json":{"title":"Energetische Heilbehandlung - Vitanova","robots":{"index":"index","follow":"follow","max-snippet":"max-snippet:-1","max-image-preview":"max-image-preview:large","max-video-preview":"max-video-preview:-1"},"canonical":"https:\/\/vitanova-sterley.de\/index.php\/energetische-heilbehandlung\/","og_locale":"de_DE","og_type":"article","og_title":"Energetische Heilbehandlung - Vitanova","og_description":"Energetische HeilbehandlungK\u00f6rperwahrnehmung, Einklang, LebensenergieNeben dem medizinischen Therapieansatz behandelt Frau Ellen Ulrich auf anderen Ebenen der K\u00f6rperwahrnehmung: Die Ursachen vieler Erkrankungen liegen auf energetischer Ebene und sind das Ergebnis von Konflikten zwischen unserem geistigen und k\u00f6rperlichen Selbst, des gelebten Alltags und unserer Lebensaufgabe.In der energetischen Heilbehandlung wird nach den tieferen Ursachen f\u00fcr unsere Krankheiten gesucht und [&hellip;]","og_url":"https:\/\/vitanova-sterley.de\/index.php\/energetische-heilbehandlung\/","og_site_name":"Vitanova","article_publisher":"https:\/\/www.facebook.com\/VITANOVA.Sterley","article_modified_time":"2022-06-22T15:31:15+00:00","twitter_card":"summary_large_image","twitter_misc":{"Gesch\u00e4tzte Lesezeit":"7\u00a0Minuten"},"schema":{"@context":"https:\/\/schema.org","@graph":[{"@type":"WebPage","@id":"https:\/\/vitanova-sterley.de\/index.php\/energetische-heilbehandlung\/","url":"https:\/\/vitanova-sterley.de\/index.php\/energetische-heilbehandlung\/","name":"Energetische Heilbehandlung - Vitanova","isPartOf":{"@id":"https:\/\/vitanova-sterley.de\/#website"},"datePublished":"2022-05-02T11:04:55+00:00","dateModified":"2022-06-22T15:31:15+00:00","breadcrumb":{"@id":"https:\/\/vitanova-sterley.de\/index.php\/energetische-heilbehandlung\/#breadcrumb"},"inLanguage":"de","potentialAction":[{"@type":"ReadAction","target":["https:\/\/vitanova-sterley.de\/index.php\/energetische-heilbehandlung\/"]}]},{"@type":"BreadcrumbList","@id":"https:\/\/vitanova-sterley.de\/index.php\/energetische-heilbehandlung\/#breadcrumb","itemListElement":[{"@type":"ListItem","position":1,"name":"Startseite","item":"https:\/\/vitanova-sterley.de\/"},{"@type":"ListItem","position":2,"name":"Energetische Heilbehandlung"}]},{"@type":"WebSite","@id":"https:\/\/vitanova-sterley.de\/#website","url":"https:\/\/vitanova-sterley.de\/","name":"Vitanova Sterley","description":"Das Gesundheitszentrum fu\u0308r Physiotherapie, Ergotherapie, Osteopathie und Training","publisher":{"@id":"https:\/\/vitanova-sterley.de\/#organization"},"alternateName":"Vitanova","potentialAction":[{"@type":"SearchAction","target":{"@type":"EntryPoint","urlTemplate":"https:\/\/vitanova-sterley.de\/?s={search_term_string}"},"query-input":{"@type":"PropertyValueSpecification","valueRequired":true,"valueName":"search_term_string"}}],"inLanguage":"de"},{"@type":"Organization","@id":"https:\/\/vitanova-sterley.de\/#organization","name":"Vitanova - Gesundheitszentrum f\u00fcr Physiotherapie, Ergotherapie, Osteopathie und Training.","alternateName":"Vitanova - Gesundheitszentrum","url":"https:\/\/vitanova-sterley.de\/","logo":{"@type":"ImageObject","inLanguage":"de","@id":"https:\/\/vitanova-sterley.de\/#\/schema\/logo\/image\/","url":"https:\/\/vitanova-sterley.de\/wp-content\/uploads\/2022\/04\/VitaNova_Logo_Reduziert_geschlossen_RGB.png","contentUrl":"https:\/\/vitanova-sterley.de\/wp-content\/uploads\/2022\/04\/VitaNova_Logo_Reduziert_geschlossen_RGB.png","width":1200,"height":830,"caption":"Vitanova - Gesundheitszentrum f\u00fcr Physiotherapie, Ergotherapie, Osteopathie und Training."},"image":{"@id":"https:\/\/vitanova-sterley.de\/#\/schema\/logo\/image\/"},"sameAs":["https:\/\/www.facebook.com\/VITANOVA.Sterley","https:\/\/www.instagram.com\/vitanova_sterley\/"]}]}},"_links":{"self":[{"href":"https:\/\/vitanova-sterley.de\/index.php\/wp-json\/wp\/v2\/pages\/1487","targetHints":{"allow":["GET"]}}],"collection":[{"href":"https:\/\/vitanova-sterley.de\/index.php\/wp-json\/wp\/v2\/pages"}],"about":[{"href":"https:\/\/vitanova-sterley.de\/index.php\/wp-json\/wp\/v2\/types\/page"}],"author":[{"embeddable":true,"href":"https:\/\/vitanova-sterley.de\/index.php\/wp-json\/wp\/v2\/users\/1"}],"replies":[{"embeddable":true,"href":"https:\/\/vitanova-sterley.de\/index.php\/wp-json\/wp\/v2\/comments?post=1487"}],"version-history":[{"count":15,"href":"https:\/\/vitanova-sterley.de\/index.php\/wp-json\/wp\/v2\/pages\/1487\/revisions"}],"predecessor-version":[{"id":1867,"href":"https:\/\/vitanova-sterley.de\/index.php\/wp-json\/wp\/v2\/pages\/1487\/revisions\/1867"}],"wp:attachment":[{"href":"https:\/\/vitanova-sterley.de\/index.php\/wp-json\/wp\/v2\/media?parent=1487"}],"curies":[{"name":"wp","href":"https:\/\/api.w.org\/{rel}","templated":true}]}}