{"id":1299,"date":"2022-04-21T11:06:03","date_gmt":"2022-04-21T11:06:03","guid":{"rendered":"https:\/\/vn.eu-mart.net\/?page_id=1299"},"modified":"2025-07-18T19:23:07","modified_gmt":"2025-07-18T19:23:07","slug":"impressum","status":"publish","type":"page","link":"https:\/\/vitanova-sterley.de\/index.php\/impressum\/","title":{"rendered":"Impressum"},"content":{"rendered":"<p>[et_pb_section fb_built=&#8220;1&#8243; _builder_version=&#8220;4.16.1&#8243; _module_preset=&#8220;default&#8220; custom_padding=&#8220;50px||0px|||&#8220; global_colors_info=&#8220;{}&#8220;][et_pb_row _builder_version=&#8220;4.17.1&#8243; _module_preset=&#8220;default&#8220; custom_padding=&#8220;0px||17px|||&#8220; global_colors_info=&#8220;{}&#8220;][et_pb_column type=&#8220;4_4&#8243; _builder_version=&#8220;4.17.1&#8243; _module_preset=&#8220;default&#8220; global_colors_info=&#8220;{}&#8220;][et_pb_text _builder_version=&#8220;4.17.1&#8243; text_font=&#8220;Open Sans||||||||&#8220; text_text_color=&#8220;#000000&#8243; text_font_size=&#8220;16px&#8220; text_line_height=&#8220;2em&#8220; header_font=&#8220;Georgia|700|||||||&#8220; header_text_align=&#8220;left&#8220; header_text_color=&#8220;#009CB9&#8243; header_font_size=&#8220;45px&#8220; header_line_height=&#8220;1.5em&#8220; header_2_font=&#8220;||||||||&#8220; header_2_text_color=&#8220;#000000&#8243; header_2_font_size=&#8220;20px&#8220; header_2_line_height=&#8220;1.6em&#8220; header_3_font=&#8220;Open Sans||||||||&#8220; header_3_font_size=&#8220;16px&#8220; header_3_line_height=&#8220;1.8em&#8220; text_orientation=&#8220;center&#8220; width=&#8220;50%&#8220; width_tablet=&#8220;100%&#8220; width_phone=&#8220;100%&#8220; width_last_edited=&#8220;on|desktop&#8220; module_alignment=&#8220;left&#8220; animation_direction=&#8220;bottom&#8220; header_font_size_tablet=&#8220;35px&#8220; header_font_size_phone=&#8220;39px&#8220; header_font_size_last_edited=&#8220;on|phone&#8220; header_3_font_size_tablet=&#8220;18px&#8220; header_3_font_size_phone=&#8220;16px&#8220; header_3_font_size_last_edited=&#8220;on|phone&#8220; header_3_line_height_tablet=&#8220;1.5em&#8220; header_3_line_height_phone=&#8220;1.5em&#8220; header_3_line_height_last_edited=&#8220;on|desktop&#8220; global_colors_info=&#8220;{}&#8220;]<\/p>\n<h1>Impressum<\/h1>\n<p>[\/et_pb_text][et_pb_divider color=&#8220;#009CB9&#8243; divider_weight=&#8220;2px&#8220; _builder_version=&#8220;4.17.1&#8243; max_width=&#8220;60px&#8220; module_alignment=&#8220;left&#8220; height=&#8220;2px&#8220; global_colors_info=&#8220;{}&#8220;][\/et_pb_divider][\/et_pb_column][\/et_pb_row][et_pb_row _builder_version=&#8220;4.17.1&#8243; _module_preset=&#8220;default&#8220; custom_padding=&#8220;||50px|||&#8220; global_colors_info=&#8220;{}&#8220;][et_pb_column type=&#8220;4_4&#8243; _builder_version=&#8220;4.17.1&#8243; _module_preset=&#8220;default&#8220; global_colors_info=&#8220;{}&#8220;][et_pb_text _builder_version=&#8220;4.17.1&#8243; _module_preset=&#8220;default&#8220; text_font=&#8220;Open Sans||||||||&#8220; text_line_height=&#8220;1.8em&#8220; header_3_font=&#8220;Georgia|700|||||||&#8220; global_colors_info=&#8220;{}&#8220;]<\/p>\n<h3><strong>\u00a0ANGABEN GEM\u00c4SS \u00a7 5 TMG<\/strong><span><\/span><\/h3>\n<p><strong><\/strong><\/p>\n<h3><span><\/span><\/h3>\n<h3><span>VITANOVA GbR<\/span><span><\/span><\/h3>\n<p><span>Alte Dorfstra\u00dfe 15<br \/><\/span><span>23883 Sterley<\/span><span><\/span><\/p>\n<p><span><\/span><\/p>\n<p><span>Inhaberinnen: Johanna Dittmann und Lisa Pietsch<\/span><\/p>\n<p><span><\/span><\/p>\n<p>[\/et_pb_text][et_pb_text _builder_version=&#8220;4.17.1&#8243; _module_preset=&#8220;default&#8220; text_font=&#8220;Open Sans||||||||&#8220; text_line_height=&#8220;1.8em&#8220; header_3_font=&#8220;Georgia|700|||||||&#8220; global_colors_info=&#8220;{}&#8220;]<\/p>\n<h3>Kontakt<\/h3>\n<p><span><\/span><span>Tel.: 04545 \u2013 78 98 0<br \/>Fax.: 04545 \u2013 78 98 21<br \/><\/span><span><a href=\"mailto:info@vitanova-sterley.de\">info@vitanova-sterley.de<\/a><\/span><\/p>\n<p><span><\/span>www.vitanova-sterley.de<span><\/span><\/p>\n<p><span><\/span><\/p>\n<p>[\/et_pb_text][\/et_pb_column][\/et_pb_row][et_pb_row _builder_version=&#8220;4.17.1&#8243; _module_preset=&#8220;default&#8220; custom_padding=&#8220;0px||70px|||&#8220; global_colors_info=&#8220;{}&#8220;][et_pb_column type=&#8220;4_4&#8243; _builder_version=&#8220;4.17.1&#8243; _module_preset=&#8220;default&#8220; global_colors_info=&#8220;{}&#8220;][et_pb_text _builder_version=&#8220;4.17.4&#8243; _module_preset=&#8220;default&#8220; text_font=&#8220;Open Sans||||||||&#8220; text_line_height=&#8220;1.8em&#8220; header_3_font=&#8220;Georgia|700|||||||&#8220; header_3_line_height=&#8220;1.4em&#8220; global_colors_info=&#8220;{}&#8220;]<\/p>\n<h3>Umsatzsteuer<\/h3>\n<p>Umsatzsteuer-Identifikationsnummer gem\u00e4\u00df \u00a727 a Umsatzsteuergesetz: 2716313055<\/p>\n<p>&nbsp;<\/p>\n<h3>Verantwortlich f\u00fcr den Inhalt nach \u00a7 55 ABS. 2 RSTV:<\/h3>\n<p>Johanna Dittmann und Lisa Pietsch<\/p>\n<p>Alte Dorfstra\u00dfe 15<\/p>\n<p>23883 Sterley<\/p>\n<p>&nbsp;<\/p>\n<h3><strong>Streitschlichtung:<\/strong><\/h3>\n<p>Wir sind nicht bereit oder verpflichtet, an Streitbeilegungsverfahren vor einer Verbraucherschlichtungsstelle teilzunehmen.<\/p>\n<h3><\/h3>\n<h3><\/h3>\n<h3><\/h3>\n<h3><\/h3>\n<h3><\/h3>\n<h3>Aufsichtsbeh\u00f6rde:<\/h3>\n<p>Gesundheitsamt Ratzeburg<br \/>Barlachstra\u00dfe 4<br \/>23909 Ratzeburg<\/p>\n<p>&nbsp;<\/p>\n<h3>Berufsbezeichnung und berufsrechtliche Regelungen<\/h3>\n<h3><\/h3>\n<h3><\/h3>\n<p>Berufsbezeichnung: Physiotherapeutin Johanna Dittmann<br \/>Verliehen durch: Landespr\u00fcfungsamt f\u00fcr Heilberufe Schleswig-Holstein<\/p>\n<p>&nbsp;<\/p>\n<h3>Haftung f\u00fcr Inhalte<\/h3>\n<p>Als Diensteanbieter sind wir gem\u00e4\u00df \u00a7 7 Abs.1 TMG f\u00fcr eigene Inhalte auf diesen Seiten nach den allgemeinen Gesetzen verantwortlich. Nach \u00a7\u00a7 8 bis 10 TMG sind wir als Diensteanbieter jedoch nicht verpflichtet, \u00fcbermittelte oder gespeicherte fremde Informationen zu \u00fcberwachen oder nach Umst\u00e4nden zu forschen, die auf eine rechtswidrige T\u00e4tigkeit hinweisen.<\/p>\n<p>Verpflichtungen zur Entfernung oder Sperrung der Nutzung von Informationen nach den allgemeinen Gesetzen bleiben hiervon unber\u00fchrt. Eine diesbez\u00fcgliche Haftung ist jedoch erst ab dem Zeitpunkt der Kenntnis einer konkreten Rechtsverletzung m\u00f6glich. Bei Bekanntwerden von entsprechenden Rechtsverletzungen werden wir diese Inhalte umgehend entfernen.<\/p>\n<p>&nbsp;<\/p>\n<p>&nbsp;<\/p>\n<h3>Haftung f\u00fcr Links<\/h3>\n<p>Unser Angebot enth\u00e4lt Links zu externen Websites Dritter, auf deren Inhalte wir keinen Einfluss haben. Deshalb k\u00f6nnen wir f\u00fcr diese fremden Inhalte auch keine Gew\u00e4hr \u00fcbernehmen. F\u00fcr die Inhalte der verlinkten Seiten ist stets der jeweilige Anbieter oder Betreiber der Seiten verantwortlich. Die verlinkten Seiten wurden zum Zeitpunkt der Verlinkung auf m\u00f6gliche Rechtsverst\u00f6\u00dfe \u00fcberpr\u00fcft. Rechtswidrige Inhalte waren zum Zeitpunkt der Verlinkung nicht erkennbar.<\/p>\n<p>Eine permanente inhaltliche Kontrolle der verlinkten Seiten ist jedoch ohne konkrete Anhaltspunkte einer Rechtsverletzung nicht zumutbar. Bei Bekanntwerden von Rechtsverletzungen werden wir derartige Links umgehend entfernen.<\/p>\n<p>&nbsp;<\/p>\n<p>&nbsp;<\/p>\n<h3>Urheberrecht<\/h3>\n<p>Die durch die Seitenbetreiber erstellten Inhalte und Werke auf diesen Seiten unterliegen dem deutschen Urheberrecht. Die Vervielf\u00e4ltigung, Bearbeitung, Verbreitung und jede Art der Verwertung au\u00dferhalb der Grenzen des Urheberrechtes bed\u00fcrfen der schriftlichen Zustimmung des jeweiligen Autors bzw. Erstellers. Downloads und Kopien dieser Seite sind nur f\u00fcr den privaten, nicht kommerziellen Gebrauch gestattet.<\/p>\n<p>Soweit die Inhalte auf dieser Seite nicht vom Betreiber erstellt wurden, werden die Urheberrechte Dritter beachtet. Insbesondere werden Inhalte Dritter als solche gekennzeichnet. Sollten Sie trotzdem auf eine Urheberrechtsverletzung aufmerksam werden, bitten wir um einen entsprechenden Hinweis. Bei Bekanntwerden von Rechtsverletzungen werden wir derartige Inhalte umgehend entfernen.<\/p>\n<p><span><\/span><\/p>\n<p>[\/et_pb_text][\/et_pb_column][\/et_pb_row][\/et_pb_section][et_pb_section fb_built=&#8220;1&#8243; admin_label=&#8220;Contact Banner&#8220; _builder_version=&#8220;4.27.0&#8243; background_color=&#8220;#87CDDC&#8220; use_background_color_gradient=&#8220;on&#8220; background_color_gradient_stops=&#8220;#009cb9 0%|#00808e 100%&#8220; background_image=&#8220;https:\/\/vitanova-sterley.de\/wp-content\/uploads\/2022\/04\/hintergrund1.jpg&#8220; background_enable_image=&#8220;off&#8220; min_height=&#8220;0px&#8220; custom_margin=&#8220;0px||0px||false|false&#8220; custom_padding=&#8220;0px|0px|0px|0px|true|false&#8220; animation_direction=&#8220;bottom&#8220; global_module=&#8220;415&#8243; saved_tabs=&#8220;all&#8220; global_colors_info=&#8220;{}&#8220;][et_pb_row column_structure=&#8220;3_5,2_5&#8243; _builder_version=&#8220;4.16.1&#8243; min_height=&#8220;35.2px&#8220; global_colors_info=&#8220;{}&#8220;][et_pb_column type=&#8220;3_5&#8243; _builder_version=&#8220;4.16&#8243; custom_padding=&#8220;|||&#8220; global_colors_info=&#8220;{}&#8220; custom_padding__hover=&#8220;|||&#8220;][et_pb_text content_tablet=&#8220;<\/p>\n<h3>Sie erreichen uns:<br \/>Mi.-Do. 08.00 &#8211; 20:30 Uhr, Fr. 08:00 &#8211; 18:00 Uhr<\/h3>\n<p>&#8220; content_phone=&#8220;<\/p>\n<h3>Sie erreichen uns:<br \/>Mi.-Do. 08.00 &#8211; 20:30 Uhr, Fr. 08:00 &#8211; 18:00 Uhr<\/h3>\n<p>&#8220; content_last_edited=&#8220;on|phone&#8220; _builder_version=&#8220;4.27.4&#8243; _module_preset=&#8220;default&#8220; header_3_font=&#8220;Georgia|700|||||||&#8220; header_3_text_color=&#8220;#ffffff&#8220; header_3_line_height=&#8220;1.5em&#8220; global_colors_info=&#8220;{}&#8220;]<\/p>\n<h3>Sie erreichen uns:<br \/>Mo.-Do. 08.00 &#8211; 20:30 Uhr, Fr. 08:00 &#8211; 18:00 Uhr<\/h3>\n<p>[\/et_pb_text][\/et_pb_column][et_pb_column type=&#8220;2_5&#8243; _builder_version=&#8220;4.17.1&#8243; _module_preset=&#8220;default&#8220; global_colors_info=&#8220;{}&#8220;][et_pb_text _builder_version=&#8220;4.27.0&#8243; _module_preset=&#8220;default&#8220; text_font=&#8220;|600|||||||&#8220; text_text_color=&#8220;#ffffff&#8220; text_font_size=&#8220;30px&#8220; header_text_color=&#8220;#ffffff&#8220; text_orientation=&#8220;right&#8220; custom_margin=&#8220;30px||||false|false&#8220; global_colors_info=&#8220;{}&#8220;]<\/p>\n<p><span style=\"color: #ffffff;\">(04545) 78980<\/span><\/p>\n<p>[\/et_pb_text][\/et_pb_column][\/et_pb_row][\/et_pb_section]<\/p>\n","protected":false},"excerpt":{"rendered":"<p>Impressum\u00a0ANGABEN GEM\u00c4SS \u00a7 5 TMG VITANOVA GbR Alte Dorfstra\u00dfe 1523883 Sterley Inhaberinnen: Johanna Dittmann und Lisa Pietsch Kontakt Tel.: 04545 \u2013 78 98 0Fax.: 04545 \u2013 78 98 21info@vitanova-sterley.de www.vitanova-sterley.de Umsatzsteuer Umsatzsteuer-Identifikationsnummer gem\u00e4\u00df \u00a727 a Umsatzsteuergesetz: 2716313055 &nbsp; Verantwortlich f\u00fcr den Inhalt nach \u00a7 55 ABS. 2 RSTV: Johanna Dittmann und Lisa Pietsch Alte Dorfstra\u00dfe [&hellip;]<\/p>\n","protected":false},"author":1,"featured_media":0,"parent":0,"menu_order":0,"comment_status":"closed","ping_status":"closed","template":"","meta":{"_et_pb_use_builder":"on","_et_pb_old_content":"","_et_gb_content_width":"","footnotes":""},"class_list":["post-1299","page","type-page","status-publish","hentry"],"yoast_head":"<!-- This site is optimized with the Yoast SEO plugin v26.9 - https:\/\/yoast.com\/product\/yoast-seo-wordpress\/ -->\n<title>Impressum - Vitanova<\/title>\n<meta name=\"robots\" content=\"index, follow, max-snippet:-1, max-image-preview:large, max-video-preview:-1\" \/>\n<link rel=\"canonical\" href=\"https:\/\/vitanova-sterley.de\/index.php\/impressum\/\" \/>\n<meta property=\"og:locale\" content=\"de_DE\" \/>\n<meta property=\"og:type\" content=\"article\" \/>\n<meta property=\"og:title\" content=\"Impressum - Vitanova\" \/>\n<meta property=\"og:description\" content=\"Impressum\u00a0ANGABEN GEM\u00c4SS \u00a7 5 TMG VITANOVA GbR Alte Dorfstra\u00dfe 1523883 Sterley Inhaberinnen: Johanna Dittmann und Lisa Pietsch Kontakt Tel.: 04545 \u2013 78 98 0Fax.: 04545 \u2013 78 98 21info@vitanova-sterley.de www.vitanova-sterley.de Umsatzsteuer Umsatzsteuer-Identifikationsnummer gem\u00e4\u00df \u00a727 a Umsatzsteuergesetz: 2716313055 &nbsp; Verantwortlich f\u00fcr den Inhalt nach \u00a7 55 ABS. 2 RSTV: Johanna Dittmann und Lisa Pietsch Alte Dorfstra\u00dfe [&hellip;]\" \/>\n<meta property=\"og:url\" content=\"https:\/\/vitanova-sterley.de\/index.php\/impressum\/\" \/>\n<meta property=\"og:site_name\" content=\"Vitanova\" \/>\n<meta property=\"article:publisher\" content=\"https:\/\/www.facebook.com\/VITANOVA.Sterley\" \/>\n<meta property=\"article:modified_time\" content=\"2025-07-18T19:23:07+00:00\" \/>\n<meta name=\"twitter:card\" content=\"summary_large_image\" \/>\n<script type=\"application\/ld+json\" class=\"yoast-schema-graph\">{\"@context\":\"https:\/\/schema.org\",\"@graph\":[{\"@type\":\"WebPage\",\"@id\":\"https:\/\/vitanova-sterley.de\/index.php\/impressum\/\",\"url\":\"https:\/\/vitanova-sterley.de\/index.php\/impressum\/\",\"name\":\"Impressum - Vitanova\",\"isPartOf\":{\"@id\":\"https:\/\/vitanova-sterley.de\/#website\"},\"datePublished\":\"2022-04-21T11:06:03+00:00\",\"dateModified\":\"2025-07-18T19:23:07+00:00\",\"breadcrumb\":{\"@id\":\"https:\/\/vitanova-sterley.de\/index.php\/impressum\/#breadcrumb\"},\"inLanguage\":\"de\",\"potentialAction\":[{\"@type\":\"ReadAction\",\"target\":[\"https:\/\/vitanova-sterley.de\/index.php\/impressum\/\"]}]},{\"@type\":\"BreadcrumbList\",\"@id\":\"https:\/\/vitanova-sterley.de\/index.php\/impressum\/#breadcrumb\",\"itemListElement\":[{\"@type\":\"ListItem\",\"position\":1,\"name\":\"Startseite\",\"item\":\"https:\/\/vitanova-sterley.de\/\"},{\"@type\":\"ListItem\",\"position\":2,\"name\":\"Impressum\"}]},{\"@type\":\"WebSite\",\"@id\":\"https:\/\/vitanova-sterley.de\/#website\",\"url\":\"https:\/\/vitanova-sterley.de\/\",\"name\":\"Vitanova Sterley\",\"description\":\"Das Gesundheitszentrum fu\u0308r Physiotherapie, Ergotherapie, Osteopathie und Training\",\"publisher\":{\"@id\":\"https:\/\/vitanova-sterley.de\/#organization\"},\"alternateName\":\"Vitanova\",\"potentialAction\":[{\"@type\":\"SearchAction\",\"target\":{\"@type\":\"EntryPoint\",\"urlTemplate\":\"https:\/\/vitanova-sterley.de\/?s={search_term_string}\"},\"query-input\":{\"@type\":\"PropertyValueSpecification\",\"valueRequired\":true,\"valueName\":\"search_term_string\"}}],\"inLanguage\":\"de\"},{\"@type\":\"Organization\",\"@id\":\"https:\/\/vitanova-sterley.de\/#organization\",\"name\":\"Vitanova - Gesundheitszentrum f\u00fcr Physiotherapie, Ergotherapie, Osteopathie und Training.\",\"alternateName\":\"Vitanova - Gesundheitszentrum\",\"url\":\"https:\/\/vitanova-sterley.de\/\",\"logo\":{\"@type\":\"ImageObject\",\"inLanguage\":\"de\",\"@id\":\"https:\/\/vitanova-sterley.de\/#\/schema\/logo\/image\/\",\"url\":\"https:\/\/vitanova-sterley.de\/wp-content\/uploads\/2022\/04\/VitaNova_Logo_Reduziert_geschlossen_RGB.png\",\"contentUrl\":\"https:\/\/vitanova-sterley.de\/wp-content\/uploads\/2022\/04\/VitaNova_Logo_Reduziert_geschlossen_RGB.png\",\"width\":1200,\"height\":830,\"caption\":\"Vitanova - Gesundheitszentrum f\u00fcr Physiotherapie, Ergotherapie, Osteopathie und Training.\"},\"image\":{\"@id\":\"https:\/\/vitanova-sterley.de\/#\/schema\/logo\/image\/\"},\"sameAs\":[\"https:\/\/www.facebook.com\/VITANOVA.Sterley\",\"https:\/\/www.instagram.com\/vitanova_sterley\/\"]}]}<\/script>\n<!-- \/ Yoast SEO plugin. -->","yoast_head_json":{"title":"Impressum - Vitanova","robots":{"index":"index","follow":"follow","max-snippet":"max-snippet:-1","max-image-preview":"max-image-preview:large","max-video-preview":"max-video-preview:-1"},"canonical":"https:\/\/vitanova-sterley.de\/index.php\/impressum\/","og_locale":"de_DE","og_type":"article","og_title":"Impressum - Vitanova","og_description":"Impressum\u00a0ANGABEN GEM\u00c4SS \u00a7 5 TMG VITANOVA GbR Alte Dorfstra\u00dfe 1523883 Sterley Inhaberinnen: Johanna Dittmann und Lisa Pietsch Kontakt Tel.: 04545 \u2013 78 98 0Fax.: 04545 \u2013 78 98 21info@vitanova-sterley.de www.vitanova-sterley.de Umsatzsteuer Umsatzsteuer-Identifikationsnummer gem\u00e4\u00df \u00a727 a Umsatzsteuergesetz: 2716313055 &nbsp; Verantwortlich f\u00fcr den Inhalt nach \u00a7 55 ABS. 2 RSTV: Johanna Dittmann und Lisa Pietsch Alte Dorfstra\u00dfe [&hellip;]","og_url":"https:\/\/vitanova-sterley.de\/index.php\/impressum\/","og_site_name":"Vitanova","article_publisher":"https:\/\/www.facebook.com\/VITANOVA.Sterley","article_modified_time":"2025-07-18T19:23:07+00:00","twitter_card":"summary_large_image","schema":{"@context":"https:\/\/schema.org","@graph":[{"@type":"WebPage","@id":"https:\/\/vitanova-sterley.de\/index.php\/impressum\/","url":"https:\/\/vitanova-sterley.de\/index.php\/impressum\/","name":"Impressum - Vitanova","isPartOf":{"@id":"https:\/\/vitanova-sterley.de\/#website"},"datePublished":"2022-04-21T11:06:03+00:00","dateModified":"2025-07-18T19:23:07+00:00","breadcrumb":{"@id":"https:\/\/vitanova-sterley.de\/index.php\/impressum\/#breadcrumb"},"inLanguage":"de","potentialAction":[{"@type":"ReadAction","target":["https:\/\/vitanova-sterley.de\/index.php\/impressum\/"]}]},{"@type":"BreadcrumbList","@id":"https:\/\/vitanova-sterley.de\/index.php\/impressum\/#breadcrumb","itemListElement":[{"@type":"ListItem","position":1,"name":"Startseite","item":"https:\/\/vitanova-sterley.de\/"},{"@type":"ListItem","position":2,"name":"Impressum"}]},{"@type":"WebSite","@id":"https:\/\/vitanova-sterley.de\/#website","url":"https:\/\/vitanova-sterley.de\/","name":"Vitanova Sterley","description":"Das Gesundheitszentrum fu\u0308r Physiotherapie, Ergotherapie, Osteopathie und Training","publisher":{"@id":"https:\/\/vitanova-sterley.de\/#organization"},"alternateName":"Vitanova","potentialAction":[{"@type":"SearchAction","target":{"@type":"EntryPoint","urlTemplate":"https:\/\/vitanova-sterley.de\/?s={search_term_string}"},"query-input":{"@type":"PropertyValueSpecification","valueRequired":true,"valueName":"search_term_string"}}],"inLanguage":"de"},{"@type":"Organization","@id":"https:\/\/vitanova-sterley.de\/#organization","name":"Vitanova - Gesundheitszentrum f\u00fcr Physiotherapie, Ergotherapie, Osteopathie und Training.","alternateName":"Vitanova - Gesundheitszentrum","url":"https:\/\/vitanova-sterley.de\/","logo":{"@type":"ImageObject","inLanguage":"de","@id":"https:\/\/vitanova-sterley.de\/#\/schema\/logo\/image\/","url":"https:\/\/vitanova-sterley.de\/wp-content\/uploads\/2022\/04\/VitaNova_Logo_Reduziert_geschlossen_RGB.png","contentUrl":"https:\/\/vitanova-sterley.de\/wp-content\/uploads\/2022\/04\/VitaNova_Logo_Reduziert_geschlossen_RGB.png","width":1200,"height":830,"caption":"Vitanova - Gesundheitszentrum f\u00fcr Physiotherapie, Ergotherapie, Osteopathie und Training."},"image":{"@id":"https:\/\/vitanova-sterley.de\/#\/schema\/logo\/image\/"},"sameAs":["https:\/\/www.facebook.com\/VITANOVA.Sterley","https:\/\/www.instagram.com\/vitanova_sterley\/"]}]}},"_links":{"self":[{"href":"https:\/\/vitanova-sterley.de\/index.php\/wp-json\/wp\/v2\/pages\/1299","targetHints":{"allow":["GET"]}}],"collection":[{"href":"https:\/\/vitanova-sterley.de\/index.php\/wp-json\/wp\/v2\/pages"}],"about":[{"href":"https:\/\/vitanova-sterley.de\/index.php\/wp-json\/wp\/v2\/types\/page"}],"author":[{"embeddable":true,"href":"https:\/\/vitanova-sterley.de\/index.php\/wp-json\/wp\/v2\/users\/1"}],"replies":[{"embeddable":true,"href":"https:\/\/vitanova-sterley.de\/index.php\/wp-json\/wp\/v2\/comments?post=1299"}],"version-history":[{"count":17,"href":"https:\/\/vitanova-sterley.de\/index.php\/wp-json\/wp\/v2\/pages\/1299\/revisions"}],"predecessor-version":[{"id":3255,"href":"https:\/\/vitanova-sterley.de\/index.php\/wp-json\/wp\/v2\/pages\/1299\/revisions\/3255"}],"wp:attachment":[{"href":"https:\/\/vitanova-sterley.de\/index.php\/wp-json\/wp\/v2\/media?parent=1299"}],"curies":[{"name":"wp","href":"https:\/\/api.w.org\/{rel}","templated":true}]}}